{"id":19,"date":"2019-11-26T22:38:05","date_gmt":"2019-11-26T22:38:05","guid":{"rendered":"http:\/\/nightsky-music.de\/neu\/studio\/?page_id=19"},"modified":"2024-07-19T18:55:18","modified_gmt":"2024-07-19T18:55:18","slug":"equipment","status":"publish","type":"page","link":"https:\/\/nightsky-music.de\/studio\/equipment\/","title":{"rendered":"Equipment"},"content":{"rendered":"<section class=\"l-section wpb_row height_medium\"><div class=\"l-section-h i-cf\"><div class=\"g-cols vc_row via_flex valign_top type_default stacking_default\"><div class=\"vc_col-sm-12 wpb_column vc_column_container\"><div class=\"vc_column-inner\"><div class=\"wpb_wrapper\"><div class=\"g-cols wpb_row via_flex valign_top type_default stacking_default\"><div class=\"vc_col-sm-12 wpb_column vc_column_container\"><div class=\"vc_column-inner\"><div class=\"wpb_wrapper\">[vc_custom_heading text=&#8220;Equipment&#8220; font_container=&#8220;tag:h1|text_align:left&#8220; use_theme_fonts=&#8220;yes&#8220;]<div class=\"w-separator size_custom\" style=\"height:25px\"><\/div><\/div><\/div><\/div><\/div><div class=\"g-cols wpb_row via_flex valign_top type_default stacking_default\"><div class=\"vc_col-sm-4 wpb_column vc_column_container\"><div class=\"vc_column-inner\"><div class=\"wpb_wrapper\"><div class=\"wpb_text_column\"><div class=\"wpb_wrapper\"><p><strong>Mikrofone:<\/strong><br \/>\n1x AKG C414 B-XLS<br \/>\n1x AKG D 320 B<br \/>\n1x AKG D112<br \/>\n1x AKG SE 300 B<br \/>\n1x AKG C 451 B<br \/>\n1x AKG Solitube<br \/>\n1x Audix i5<br \/>\n1x DPA VO4099<br \/>\n2x Neumann TLM 103<br \/>\n2x Neumann KM 184<br \/>\n4x LineAudio CM4<br \/>\n1x the t.bone Ovid System CC 100<br \/>\n1x Rode NT1A<br \/>\n2x Rode NT5<br \/>\n1x Sennheiser 441 U<br \/>\n1x Sennheiser 412<br \/>\n1x Sennheiser e602 II<br \/>\n1x Shure SM58 beta<br \/>\n5x Shure SM57<\/p>\n<p><strong>Preamp\/Mix:<\/strong><br \/>\nYamaha DM 2000 digital recording console<br \/>\nSPL 9945 ChannelOne preamp<br \/>\nBAE Audio DMP 1037<br \/>\nMackie 1202VLZ Pro<\/p>\n<p><strong>Recording:<br \/>\n<\/strong>MOTU M64 audio interface<br \/>\nMOTU 24I\/O audio interface<br \/>\nIntel Pentium 5i PC quadcore<\/p>\n<\/div><\/div><\/div><\/div><\/div><div class=\"vc_col-sm-4 wpb_column vc_column_container\"><div class=\"vc_column-inner\"><div class=\"wpb_wrapper\"><div class=\"wpb_text_column\"><div class=\"wpb_wrapper\"><p><strong>Monitoring:<\/strong><br \/>\nTannoy Reveal 8D aktiv<br \/>\nAvantone MixCubes<br \/>\nMackie HM-800, 19&#8243;-8-Kanal Kopfh\u00f6rerverst\u00e4rker<br \/>\nMackie Big Knob<br \/>\n4x Beyerdynamic DT-770 PRO\/80 Ohm<br \/>\n3x AKG K240 headphone<br \/>\n1x AKG K121 Studio headphone<br \/>\n1x Sennheiser HD420 headphone<br \/>\n1x VIC Firth SIH1 headphone<\/p>\n<p><strong>Software:<\/strong><br \/>\nSteinberg Nuendo 10<br \/>\nSteinberg Wavelab Pro 10<br \/>\nUniversal Audio UAD-2 Flexi<br \/>\nUniversal Audio UAD-2 Quad<br \/>\nFabfilter Mixing Bundle<br \/>\nWaves Diamond Bundle<br \/>\nSoundtoys 5<br \/>\nBIAS Amp<br \/>\nBIAS FX<br \/>\nMelda Production Mixing Bundle<br \/>\nNative Instruments KOMPLETE 7<br \/>\nArturia V Collection<br \/>\nIK Multimedia Sampletank 2<\/p>\n<p><strong>Outboard:<\/strong><br \/>\nLINE6 POD pro (Rackversion)<br \/>\nAlesis Midiverb III<br \/>\nAlesis Quadraverb<\/p>\n<\/div><\/div><\/div><\/div><\/div><div class=\"vc_col-sm-4 wpb_column vc_column_container\"><div class=\"vc_column-inner\"><div class=\"wpb_wrapper\"><div class=\"wpb_text_column\"><div class=\"wpb_wrapper\"><p><strong>Amps:<\/strong><br \/>\nVOX AC 30<br \/>\nFender Twin Reverb<br \/>\nRoland Jazz Chorus 120<br \/>\nBlack Heart Little Giant5<br \/>\nEden World Tour Bass Amp<\/p>\n<p><strong>Instruments:<\/strong><br \/>\nFender 4 String Jazzbass American Series<br \/>\nFender 4 String Precision Bass American Series<br \/>\nIbanez ATK 305<br \/>\nEpiphone Casino<br \/>\nFender Stratocaster<br \/>\nIbanez SZ520<br \/>\nFender Squire Telecaster<br \/>\nMartin D35 steelstring guitar<br \/>\nYamaha steelstring (Nashville tuning)<br \/>\nSeagull steelstring guitar<br \/>\nYamaha GCX31C nylon electric guitar<br \/>\nAXON AX 50 guitar to midi converter on a<br \/>\nFenix Stratocaster<br \/>\nSchmidt ukulele<br \/>\nSinn7 Kommodor keyboard<br \/>\nM-AUDIO Keystation 49e<br \/>\nCelviano E-Piano<\/p>\n<\/div><\/div><\/div><\/div><\/div><\/div><\/div><\/div><\/div><\/div><\/div><\/section>\n","protected":false},"excerpt":{"rendered":"[vc_custom_heading text=\"Equipment\" font_container=\"tag:h1|text_align:left\" use_theme_fonts=\"yes\"]Mikrofone: 1x AKG C414 B-XLS 1x AKG D 320 B 1x AKG D112 1x AKG SE 300 B 1x AKG C 451 B 1x AKG Solitube 1x Audix i5 1x DPA VO4099 2x Neumann TLM 103 2x Neumann KM 184 4x LineAudio CM4 1x the t.bone Ovid System CC 100 1x Rode...","protected":false},"author":1,"featured_media":0,"parent":0,"menu_order":0,"comment_status":"closed","ping_status":"closed","template":"","meta":{"footnotes":""},"class_list":["post-19","page","type-page","status-publish","hentry"],"yoast_head":"<!-- This site is optimized with the Yoast SEO plugin v23.6 - https:\/\/yoast.com\/wordpress\/plugins\/seo\/ -->\n<title>Equipment | Nightsky Studio<\/title>\n<meta name=\"description\" content=\"Auf dieser Seite finden Sie eine \u00dcbersicht \u00fcber das gesamte Equipment, das Ihnen im Nightsky Studio zur Verf\u00fcgung steht.\" \/>\n<meta name=\"robots\" content=\"index, follow, max-snippet:-1, max-image-preview:large, max-video-preview:-1\" \/>\n<link rel=\"canonical\" href=\"https:\/\/nightsky-music.de\/studio\/equipment\/\" \/>\n<meta property=\"og:locale\" content=\"de_DE\" \/>\n<meta property=\"og:type\" content=\"article\" \/>\n<meta property=\"og:title\" content=\"Equipment | Nightsky Studio\" \/>\n<meta property=\"og:description\" content=\"Auf dieser Seite finden Sie eine \u00dcbersicht \u00fcber das gesamte Equipment, das Ihnen im Nightsky Studio zur Verf\u00fcgung steht.\" \/>\n<meta property=\"og:url\" content=\"https:\/\/nightsky-music.de\/studio\/equipment\/\" \/>\n<meta property=\"og:site_name\" content=\"Studio\" \/>\n<meta property=\"article:publisher\" content=\"https:\/\/www.facebook.com\/NightskyStudio\" \/>\n<meta property=\"article:modified_time\" content=\"2024-07-19T18:55:18+00:00\" \/>\n<meta name=\"twitter:card\" content=\"summary_large_image\" \/>\n<meta name=\"twitter:label1\" content=\"Gesch\u00e4tzte Lesezeit\" \/>\n\t<meta name=\"twitter:data1\" content=\"2\u00a0Minuten\" \/>\n<script type=\"application\/ld+json\" class=\"yoast-schema-graph\">{\"@context\":\"https:\/\/schema.org\",\"@graph\":[{\"@type\":\"WebPage\",\"@id\":\"https:\/\/nightsky-music.de\/studio\/equipment\/\",\"url\":\"https:\/\/nightsky-music.de\/studio\/equipment\/\",\"name\":\"Equipment | Nightsky Studio\",\"isPartOf\":{\"@id\":\"https:\/\/nightsky-music.de\/studio\/#website\"},\"datePublished\":\"2019-11-26T22:38:05+00:00\",\"dateModified\":\"2024-07-19T18:55:18+00:00\",\"description\":\"Auf dieser Seite finden Sie eine \u00dcbersicht \u00fcber das gesamte Equipment, das Ihnen im Nightsky Studio zur Verf\u00fcgung steht.\",\"breadcrumb\":{\"@id\":\"https:\/\/nightsky-music.de\/studio\/equipment\/#breadcrumb\"},\"inLanguage\":\"de\",\"potentialAction\":[{\"@type\":\"ReadAction\",\"target\":[\"https:\/\/nightsky-music.de\/studio\/equipment\/\"]}]},{\"@type\":\"BreadcrumbList\",\"@id\":\"https:\/\/nightsky-music.de\/studio\/equipment\/#breadcrumb\",\"itemListElement\":[{\"@type\":\"ListItem\",\"position\":1,\"name\":\"Startseite\",\"item\":\"https:\/\/nightsky-music.de\/studio\/\"},{\"@type\":\"ListItem\",\"position\":2,\"name\":\"Equipment\"}]},{\"@type\":\"WebSite\",\"@id\":\"https:\/\/nightsky-music.de\/studio\/#website\",\"url\":\"https:\/\/nightsky-music.de\/studio\/\",\"name\":\"Studio\",\"description\":\"Nightsky Music - Studio\",\"publisher\":{\"@id\":\"https:\/\/nightsky-music.de\/studio\/#organization\"},\"potentialAction\":[{\"@type\":\"SearchAction\",\"target\":{\"@type\":\"EntryPoint\",\"urlTemplate\":\"https:\/\/nightsky-music.de\/studio\/?s={search_term_string}\"},\"query-input\":{\"@type\":\"PropertyValueSpecification\",\"valueRequired\":true,\"valueName\":\"search_term_string\"}}],\"inLanguage\":\"de\"},{\"@type\":\"Organization\",\"@id\":\"https:\/\/nightsky-music.de\/studio\/#organization\",\"name\":\"Nightsky Music\",\"url\":\"https:\/\/nightsky-music.de\/studio\/\",\"logo\":{\"@type\":\"ImageObject\",\"inLanguage\":\"de\",\"@id\":\"https:\/\/nightsky-music.de\/studio\/#\/schema\/logo\/image\/\",\"url\":\"https:\/\/nightsky-music.de\/studio\/wp-content\/uploads\/sites\/2\/2019\/11\/nsm_logo_trnsp_250x118_flat.png\",\"contentUrl\":\"https:\/\/nightsky-music.de\/studio\/wp-content\/uploads\/sites\/2\/2019\/11\/nsm_logo_trnsp_250x118_flat.png\",\"width\":250,\"height\":118,\"caption\":\"Nightsky Music\"},\"image\":{\"@id\":\"https:\/\/nightsky-music.de\/studio\/#\/schema\/logo\/image\/\"},\"sameAs\":[\"https:\/\/www.facebook.com\/NightskyStudio\",\"https:\/\/www.instagram.com\/casimsalabim\/\",\"https:\/\/www.youtube.com\/channel\/UCohViaFL_2AiqWm0gTSxclg\"]}]}<\/script>\n<!-- \/ Yoast SEO plugin. -->","yoast_head_json":{"title":"Equipment | Nightsky Studio","description":"Auf dieser Seite finden Sie eine \u00dcbersicht \u00fcber das gesamte Equipment, das Ihnen im Nightsky Studio zur Verf\u00fcgung steht.","robots":{"index":"index","follow":"follow","max-snippet":"max-snippet:-1","max-image-preview":"max-image-preview:large","max-video-preview":"max-video-preview:-1"},"canonical":"https:\/\/nightsky-music.de\/studio\/equipment\/","og_locale":"de_DE","og_type":"article","og_title":"Equipment | Nightsky Studio","og_description":"Auf dieser Seite finden Sie eine \u00dcbersicht \u00fcber das gesamte Equipment, das Ihnen im Nightsky Studio zur Verf\u00fcgung steht.","og_url":"https:\/\/nightsky-music.de\/studio\/equipment\/","og_site_name":"Studio","article_publisher":"https:\/\/www.facebook.com\/NightskyStudio","article_modified_time":"2024-07-19T18:55:18+00:00","twitter_card":"summary_large_image","twitter_misc":{"Gesch\u00e4tzte Lesezeit":"2\u00a0Minuten"},"schema":{"@context":"https:\/\/schema.org","@graph":[{"@type":"WebPage","@id":"https:\/\/nightsky-music.de\/studio\/equipment\/","url":"https:\/\/nightsky-music.de\/studio\/equipment\/","name":"Equipment | Nightsky Studio","isPartOf":{"@id":"https:\/\/nightsky-music.de\/studio\/#website"},"datePublished":"2019-11-26T22:38:05+00:00","dateModified":"2024-07-19T18:55:18+00:00","description":"Auf dieser Seite finden Sie eine \u00dcbersicht \u00fcber das gesamte Equipment, das Ihnen im Nightsky Studio zur Verf\u00fcgung steht.","breadcrumb":{"@id":"https:\/\/nightsky-music.de\/studio\/equipment\/#breadcrumb"},"inLanguage":"de","potentialAction":[{"@type":"ReadAction","target":["https:\/\/nightsky-music.de\/studio\/equipment\/"]}]},{"@type":"BreadcrumbList","@id":"https:\/\/nightsky-music.de\/studio\/equipment\/#breadcrumb","itemListElement":[{"@type":"ListItem","position":1,"name":"Startseite","item":"https:\/\/nightsky-music.de\/studio\/"},{"@type":"ListItem","position":2,"name":"Equipment"}]},{"@type":"WebSite","@id":"https:\/\/nightsky-music.de\/studio\/#website","url":"https:\/\/nightsky-music.de\/studio\/","name":"Studio","description":"Nightsky Music - Studio","publisher":{"@id":"https:\/\/nightsky-music.de\/studio\/#organization"},"potentialAction":[{"@type":"SearchAction","target":{"@type":"EntryPoint","urlTemplate":"https:\/\/nightsky-music.de\/studio\/?s={search_term_string}"},"query-input":{"@type":"PropertyValueSpecification","valueRequired":true,"valueName":"search_term_string"}}],"inLanguage":"de"},{"@type":"Organization","@id":"https:\/\/nightsky-music.de\/studio\/#organization","name":"Nightsky Music","url":"https:\/\/nightsky-music.de\/studio\/","logo":{"@type":"ImageObject","inLanguage":"de","@id":"https:\/\/nightsky-music.de\/studio\/#\/schema\/logo\/image\/","url":"https:\/\/nightsky-music.de\/studio\/wp-content\/uploads\/sites\/2\/2019\/11\/nsm_logo_trnsp_250x118_flat.png","contentUrl":"https:\/\/nightsky-music.de\/studio\/wp-content\/uploads\/sites\/2\/2019\/11\/nsm_logo_trnsp_250x118_flat.png","width":250,"height":118,"caption":"Nightsky Music"},"image":{"@id":"https:\/\/nightsky-music.de\/studio\/#\/schema\/logo\/image\/"},"sameAs":["https:\/\/www.facebook.com\/NightskyStudio","https:\/\/www.instagram.com\/casimsalabim\/","https:\/\/www.youtube.com\/channel\/UCohViaFL_2AiqWm0gTSxclg"]}]}},"_links":{"self":[{"href":"https:\/\/nightsky-music.de\/studio\/wp-json\/wp\/v2\/pages\/19"}],"collection":[{"href":"https:\/\/nightsky-music.de\/studio\/wp-json\/wp\/v2\/pages"}],"about":[{"href":"https:\/\/nightsky-music.de\/studio\/wp-json\/wp\/v2\/types\/page"}],"author":[{"embeddable":true,"href":"https:\/\/nightsky-music.de\/studio\/wp-json\/wp\/v2\/users\/1"}],"replies":[{"embeddable":true,"href":"https:\/\/nightsky-music.de\/studio\/wp-json\/wp\/v2\/comments?post=19"}],"version-history":[{"count":37,"href":"https:\/\/nightsky-music.de\/studio\/wp-json\/wp\/v2\/pages\/19\/revisions"}],"predecessor-version":[{"id":731,"href":"https:\/\/nightsky-music.de\/studio\/wp-json\/wp\/v2\/pages\/19\/revisions\/731"}],"wp:attachment":[{"href":"https:\/\/nightsky-music.de\/studio\/wp-json\/wp\/v2\/media?parent=19"}],"curies":[{"name":"wp","href":"https:\/\/api.w.org\/{rel}","templated":true}]}}