{"id":27,"date":"2019-11-26T22:39:16","date_gmt":"2019-11-26T22:39:16","guid":{"rendered":"http:\/\/nightsky-music.de\/neu\/studio\/?page_id=27"},"modified":"2021-12-18T23:08:34","modified_gmt":"2021-12-18T23:08:34","slug":"kontakt","status":"publish","type":"page","link":"https:\/\/nightsky-music.de\/studio\/kontakt\/","title":{"rendered":"Kontakt"},"content":{"rendered":"<section class=\"l-section wpb_row height_medium\"><div class=\"l-section-h i-cf\"><div class=\"g-cols vc_row via_flex valign_top type_default stacking_default\"><div class=\"vc_col-sm-12 wpb_column vc_column_container\"><div class=\"vc_column-inner\"><div class=\"wpb_wrapper\"><div class=\"g-cols wpb_row via_flex valign_top type_default stacking_default\"><div class=\"vc_col-sm-12 wpb_column vc_column_container\"><div class=\"vc_column-inner\"><div class=\"wpb_wrapper\">[vc_custom_heading text=&#8220;Kontakt&#8220; font_container=&#8220;tag:h1|text_align:left&#8220; use_theme_fonts=&#8220;yes&#8220;]<\/div><\/div><\/div><div class=\"vc_col-sm-8 wpb_column vc_column_container\"><div class=\"vc_column-inner\"><div class=\"wpb_wrapper\"><div class=\"w-text us_custom_d2199d32\"><span class=\"w-text-h\"><span class=\"w-text-value\">F\u00fcr Buchungen, Informationen, generelle Fragen oder Anregungen bitte einfach das Kontaktformular benutzen.<\/span><\/span><\/div><div class=\"w-separator size_medium\"><\/div><form class=\"w-form  layout_ver for_cform us_form_1\" autocomplete=\"off\" action=\"https:\/\/nightsky-music.de\/studio\/studio\/wp-json\/wp\/v2\/pages\/27\" method=\"post\"><div class=\"w-form-h\"><div class=\"w-form-row for_text\">\r\n\t\t<div class=\"w-form-row-field\">\r\n\t\t\t\t\t\t<input aria-label=\"Name\" type=\"text\" name=\"us_form_1_text_1\" value placeholder=\"Name\"\/>\r\n\t\t\t<\/div>\r\n\t\t<div class=\"w-form-row-state\">Bitte f\u00fcllen Sie dieses Feld aus.<\/div>\r\n<\/div>\r\n<div class=\"w-form-row for_email\">\r\n\t\t<div class=\"w-form-row-field\">\r\n\t\t\t\t\t\t<input aria-label=\"E-Mail-Addresse\" type=\"email\" name=\"us_form_1_email_1\" value placeholder=\"E-Mail-Addresse\"\/>\r\n\t\t\t<\/div>\r\n\t\t<div class=\"w-form-row-state\">Bitte gib eine g\u00fcltige E-Mail-Adresse ein.<\/div>\r\n<\/div>\r\n<div class=\"w-form-row for_textarea\">\r\n\t\t<div class=\"w-form-row-field\">\r\n\t\t\t\t\t\t<textarea aria-label=\"Ihre Nachricht\" name=\"us_form_1_textarea_1\" placeholder=\"Ihre Nachricht\"><\/textarea>\r\n\t\t\t<\/div>\r\n\t\t<div class=\"w-form-row-state\">Bitte f\u00fcllen Sie dieses Feld aus.<\/div>\r\n<\/div>\r\n<input type=\"hidden\" name=\"action\" value=\"us_ajax_cform\" \/>\r\n<input type=\"hidden\" name=\"post_id\" value=\"0\" \/>\r\n<input type=\"hidden\" name=\"form_index\" value=\"1\" \/>\r\n<div class=\"w-form-row for_submit align_none\">\r\n\t<button class=\"w-btn  us-btn-style_1\" aria-label=\"Absenden\" type=\"submit\">\r\n\t\t<span class=\"g-preloader type_1\"><\/span>\r\n\t\t\t\t<span class=\"w-btn-label\">Absenden<\/span>\r\n\t\t\t<\/button>\r\n\t<\/div>\r\n<\/div><div class=\"w-form-message\"><\/div><div class=\"w-form-json hidden\" onclick='return {&quot;ajaxurl&quot;:&quot;https:\\\/\\\/nightsky-music.de\\\/studio\\\/wp-admin\\\/admin-ajax.php&quot;,&quot;messages&quot;:{&quot;err_empty&quot;:&quot;Bitte f\\u00fcllen Sie dieses Feld aus.&quot;,&quot;err_size&quot;:&quot;Die Dateigr\\u00f6\\u00dfe darf %s MB nicht \\u00fcberschreiten&quot;,&quot;err_extension&quot;:&quot;Dateityp %s ist nicht zul\\u00e4ssig&quot;}}'><\/div><\/form><\/div><\/div><\/div><div class=\"vc_col-sm-4 wpb_column vc_column_container\"><div class=\"vc_column-inner\"><div class=\"wpb_wrapper\"><div class=\"wpb_text_column\"><div class=\"wpb_wrapper\"><p><span class=\"bodyText\"><strong>Nightsky Music<\/strong><br \/>\nCarsten H\u00f6lscher<br \/>\nBockhorn 23<br \/>\n48681 Ahaus<br \/>\nstudio: ++49-(0)2567-937507<br \/>\nmobil: ++49-(0)1520-6196108<br \/>\nemail: carsten@nightsky-music.de<\/span><\/p>\n<\/div><\/div><\/div><\/div><\/div><\/div><\/div><\/div><\/div><\/div><\/div><\/section>\n","protected":false},"excerpt":{"rendered":"[vc_custom_heading text=\"Kontakt\" font_container=\"tag:h1|text_align:left\" use_theme_fonts=\"yes\"]F\u00fcr Buchungen, Informationen, generelle Fragen oder Anregungen bitte einfach das Kontaktformular benutzen. Bitte f\u00fcllen Sie dieses Feld aus. Bitte gib eine g\u00fcltige E-Mail-Adresse ein. Bitte f\u00fcllen Sie dieses Feld aus. Absenden Nightsky Music Carsten H\u00f6lscher Bockhorn 23 48681 Ahaus studio: ++49-(0)2567-937507 mobil: ++49-(0)1520-6196108 email: carsten@nightsky-music.de","protected":false},"author":1,"featured_media":0,"parent":0,"menu_order":0,"comment_status":"closed","ping_status":"closed","template":"","meta":{"footnotes":""},"class_list":["post-27","page","type-page","status-publish","hentry"],"yoast_head":"<!-- This site is optimized with the Yoast SEO plugin v23.6 - https:\/\/yoast.com\/wordpress\/plugins\/seo\/ -->\n<title>Kontakt | Nightsky Studio<\/title>\n<meta name=\"description\" content=\"F\u00fcr Buchungen, Informationen, generelle Fragen oder Anregungen bitte einfach das Kontaktformular benutzen.\" \/>\n<meta name=\"robots\" content=\"index, follow, max-snippet:-1, max-image-preview:large, max-video-preview:-1\" \/>\n<link rel=\"canonical\" href=\"https:\/\/nightsky-music.de\/studio\/kontakt\/\" \/>\n<meta property=\"og:locale\" content=\"de_DE\" \/>\n<meta property=\"og:type\" content=\"article\" \/>\n<meta property=\"og:title\" content=\"Kontakt | Nightsky Studio\" \/>\n<meta property=\"og:description\" content=\"F\u00fcr Buchungen, Informationen, generelle Fragen oder Anregungen bitte einfach das Kontaktformular benutzen.\" \/>\n<meta property=\"og:url\" content=\"https:\/\/nightsky-music.de\/studio\/kontakt\/\" \/>\n<meta property=\"og:site_name\" content=\"Studio\" \/>\n<meta property=\"article:publisher\" content=\"https:\/\/www.facebook.com\/NightskyStudio\" \/>\n<meta property=\"article:modified_time\" content=\"2021-12-18T23:08:34+00:00\" \/>\n<meta name=\"twitter:card\" content=\"summary_large_image\" \/>\n<meta name=\"twitter:label1\" content=\"Gesch\u00e4tzte Lesezeit\" \/>\n\t<meta name=\"twitter:data1\" content=\"1\u00a0Minute\" \/>\n<script type=\"application\/ld+json\" class=\"yoast-schema-graph\">{\"@context\":\"https:\/\/schema.org\",\"@graph\":[{\"@type\":\"WebPage\",\"@id\":\"https:\/\/nightsky-music.de\/studio\/kontakt\/\",\"url\":\"https:\/\/nightsky-music.de\/studio\/kontakt\/\",\"name\":\"Kontakt | Nightsky Studio\",\"isPartOf\":{\"@id\":\"https:\/\/nightsky-music.de\/studio\/#website\"},\"datePublished\":\"2019-11-26T22:39:16+00:00\",\"dateModified\":\"2021-12-18T23:08:34+00:00\",\"description\":\"F\u00fcr Buchungen, Informationen, generelle Fragen oder Anregungen bitte einfach das Kontaktformular benutzen.\",\"breadcrumb\":{\"@id\":\"https:\/\/nightsky-music.de\/studio\/kontakt\/#breadcrumb\"},\"inLanguage\":\"de\",\"potentialAction\":[{\"@type\":\"ReadAction\",\"target\":[\"https:\/\/nightsky-music.de\/studio\/kontakt\/\"]}]},{\"@type\":\"BreadcrumbList\",\"@id\":\"https:\/\/nightsky-music.de\/studio\/kontakt\/#breadcrumb\",\"itemListElement\":[{\"@type\":\"ListItem\",\"position\":1,\"name\":\"Startseite\",\"item\":\"https:\/\/nightsky-music.de\/studio\/\"},{\"@type\":\"ListItem\",\"position\":2,\"name\":\"Kontakt\"}]},{\"@type\":\"WebSite\",\"@id\":\"https:\/\/nightsky-music.de\/studio\/#website\",\"url\":\"https:\/\/nightsky-music.de\/studio\/\",\"name\":\"Studio\",\"description\":\"Nightsky Music - Studio\",\"publisher\":{\"@id\":\"https:\/\/nightsky-music.de\/studio\/#organization\"},\"potentialAction\":[{\"@type\":\"SearchAction\",\"target\":{\"@type\":\"EntryPoint\",\"urlTemplate\":\"https:\/\/nightsky-music.de\/studio\/?s={search_term_string}\"},\"query-input\":{\"@type\":\"PropertyValueSpecification\",\"valueRequired\":true,\"valueName\":\"search_term_string\"}}],\"inLanguage\":\"de\"},{\"@type\":\"Organization\",\"@id\":\"https:\/\/nightsky-music.de\/studio\/#organization\",\"name\":\"Nightsky Music\",\"url\":\"https:\/\/nightsky-music.de\/studio\/\",\"logo\":{\"@type\":\"ImageObject\",\"inLanguage\":\"de\",\"@id\":\"https:\/\/nightsky-music.de\/studio\/#\/schema\/logo\/image\/\",\"url\":\"https:\/\/nightsky-music.de\/studio\/wp-content\/uploads\/sites\/2\/2019\/11\/nsm_logo_trnsp_250x118_flat.png\",\"contentUrl\":\"https:\/\/nightsky-music.de\/studio\/wp-content\/uploads\/sites\/2\/2019\/11\/nsm_logo_trnsp_250x118_flat.png\",\"width\":250,\"height\":118,\"caption\":\"Nightsky Music\"},\"image\":{\"@id\":\"https:\/\/nightsky-music.de\/studio\/#\/schema\/logo\/image\/\"},\"sameAs\":[\"https:\/\/www.facebook.com\/NightskyStudio\",\"https:\/\/www.instagram.com\/casimsalabim\/\",\"https:\/\/www.youtube.com\/channel\/UCohViaFL_2AiqWm0gTSxclg\"]}]}<\/script>\n<!-- \/ Yoast SEO plugin. -->","yoast_head_json":{"title":"Kontakt | Nightsky Studio","description":"F\u00fcr Buchungen, Informationen, generelle Fragen oder Anregungen bitte einfach das Kontaktformular benutzen.","robots":{"index":"index","follow":"follow","max-snippet":"max-snippet:-1","max-image-preview":"max-image-preview:large","max-video-preview":"max-video-preview:-1"},"canonical":"https:\/\/nightsky-music.de\/studio\/kontakt\/","og_locale":"de_DE","og_type":"article","og_title":"Kontakt | Nightsky Studio","og_description":"F\u00fcr Buchungen, Informationen, generelle Fragen oder Anregungen bitte einfach das Kontaktformular benutzen.","og_url":"https:\/\/nightsky-music.de\/studio\/kontakt\/","og_site_name":"Studio","article_publisher":"https:\/\/www.facebook.com\/NightskyStudio","article_modified_time":"2021-12-18T23:08:34+00:00","twitter_card":"summary_large_image","twitter_misc":{"Gesch\u00e4tzte Lesezeit":"1\u00a0Minute"},"schema":{"@context":"https:\/\/schema.org","@graph":[{"@type":"WebPage","@id":"https:\/\/nightsky-music.de\/studio\/kontakt\/","url":"https:\/\/nightsky-music.de\/studio\/kontakt\/","name":"Kontakt | Nightsky Studio","isPartOf":{"@id":"https:\/\/nightsky-music.de\/studio\/#website"},"datePublished":"2019-11-26T22:39:16+00:00","dateModified":"2021-12-18T23:08:34+00:00","description":"F\u00fcr Buchungen, Informationen, generelle Fragen oder Anregungen bitte einfach das Kontaktformular benutzen.","breadcrumb":{"@id":"https:\/\/nightsky-music.de\/studio\/kontakt\/#breadcrumb"},"inLanguage":"de","potentialAction":[{"@type":"ReadAction","target":["https:\/\/nightsky-music.de\/studio\/kontakt\/"]}]},{"@type":"BreadcrumbList","@id":"https:\/\/nightsky-music.de\/studio\/kontakt\/#breadcrumb","itemListElement":[{"@type":"ListItem","position":1,"name":"Startseite","item":"https:\/\/nightsky-music.de\/studio\/"},{"@type":"ListItem","position":2,"name":"Kontakt"}]},{"@type":"WebSite","@id":"https:\/\/nightsky-music.de\/studio\/#website","url":"https:\/\/nightsky-music.de\/studio\/","name":"Studio","description":"Nightsky Music - Studio","publisher":{"@id":"https:\/\/nightsky-music.de\/studio\/#organization"},"potentialAction":[{"@type":"SearchAction","target":{"@type":"EntryPoint","urlTemplate":"https:\/\/nightsky-music.de\/studio\/?s={search_term_string}"},"query-input":{"@type":"PropertyValueSpecification","valueRequired":true,"valueName":"search_term_string"}}],"inLanguage":"de"},{"@type":"Organization","@id":"https:\/\/nightsky-music.de\/studio\/#organization","name":"Nightsky Music","url":"https:\/\/nightsky-music.de\/studio\/","logo":{"@type":"ImageObject","inLanguage":"de","@id":"https:\/\/nightsky-music.de\/studio\/#\/schema\/logo\/image\/","url":"https:\/\/nightsky-music.de\/studio\/wp-content\/uploads\/sites\/2\/2019\/11\/nsm_logo_trnsp_250x118_flat.png","contentUrl":"https:\/\/nightsky-music.de\/studio\/wp-content\/uploads\/sites\/2\/2019\/11\/nsm_logo_trnsp_250x118_flat.png","width":250,"height":118,"caption":"Nightsky Music"},"image":{"@id":"https:\/\/nightsky-music.de\/studio\/#\/schema\/logo\/image\/"},"sameAs":["https:\/\/www.facebook.com\/NightskyStudio","https:\/\/www.instagram.com\/casimsalabim\/","https:\/\/www.youtube.com\/channel\/UCohViaFL_2AiqWm0gTSxclg"]}]}},"_links":{"self":[{"href":"https:\/\/nightsky-music.de\/studio\/wp-json\/wp\/v2\/pages\/27"}],"collection":[{"href":"https:\/\/nightsky-music.de\/studio\/wp-json\/wp\/v2\/pages"}],"about":[{"href":"https:\/\/nightsky-music.de\/studio\/wp-json\/wp\/v2\/types\/page"}],"author":[{"embeddable":true,"href":"https:\/\/nightsky-music.de\/studio\/wp-json\/wp\/v2\/users\/1"}],"replies":[{"embeddable":true,"href":"https:\/\/nightsky-music.de\/studio\/wp-json\/wp\/v2\/comments?post=27"}],"version-history":[{"count":18,"href":"https:\/\/nightsky-music.de\/studio\/wp-json\/wp\/v2\/pages\/27\/revisions"}],"predecessor-version":[{"id":722,"href":"https:\/\/nightsky-music.de\/studio\/wp-json\/wp\/v2\/pages\/27\/revisions\/722"}],"wp:attachment":[{"href":"https:\/\/nightsky-music.de\/studio\/wp-json\/wp\/v2\/media?parent=27"}],"curies":[{"name":"wp","href":"https:\/\/api.w.org\/{rel}","templated":true}]}}