{"id":15,"date":"2019-11-26T22:44:34","date_gmt":"2019-11-26T22:44:34","guid":{"rendered":"http:\/\/nightsky-music.de\/neu\/unterricht\/?page_id=15"},"modified":"2021-12-17T23:04:06","modified_gmt":"2021-12-17T23:04:06","slug":"carsten","status":"publish","type":"page","link":"https:\/\/nightsky-music.de\/unterricht\/carsten\/","title":{"rendered":"Carsten"},"content":{"rendered":"<section class=\"l-section wpb_row height_medium\"><div class=\"l-section-h i-cf\"><div class=\"g-cols vc_row via_flex valign_top type_default stacking_default\"><div class=\"vc_col-sm-8 wpb_column vc_column_container\"><div class=\"vc_column-inner\"><div class=\"wpb_wrapper\">[vc_custom_heading text=&#8220;Carsten H\u00f6lscher&#8220; font_container=&#8220;tag:h4|text_align:left&#8220; use_theme_fonts=&#8220;yes&#8220;]<div class=\"wpb_text_column\"><div class=\"wpb_wrapper\"><p>Carsten (1969) ist Jazz\/Pop-Bassist (Kontrabass und E-Bass) und stammt geb\u00fcrtig aus Billerbeck. Er studierte an den Musikhochschulen Enschede, Arnheim und Zwolle, wo er ein Studium f\u00fcr Jazz und Popularmusik absolvierte. Er erhielt Unterricht bei Jazzgr\u00f6\u00dfen wie Ruud Ouwdehand, Wilbrand Meischke und Davy De Wit und besuchte Masterclasses bei Hein van de Gein und Berkley in Germany.<br \/>\n2002 schloss er seine Ausbildung mit der k\u00fcnstlerischen Reifepr\u00fcfung ab.<\/p>\n<p>2005 baute er sein eigenes Aufnahmestudio, das Nightsky Studio und sammelt seitdem Erfahrungen als Musikproduzent, Arrangeur, Toningenieur und Mixing engineer.\u00a02006 gr\u00fcndete er das Label Lielow Records. Carstens musikalische Interessen reichen von Jazz, Funk, Soul, Rock und Pop bis zu moderner Klassik und Filmmusik.\u00a0Er ist weiterhin als Musiker, Komponist und Instrumentallehrer t\u00e4tig, spielt in verschiedenen Bands und ist regelm\u00e4\u00dfig bei Auftritten im In- und Ausland zu h\u00f6ren.<\/p>\n<\/div><\/div><\/div><\/div><\/div><div class=\"vc_col-sm-4 wpb_column vc_column_container\"><div class=\"vc_column-inner\"><div class=\"wpb_wrapper\"><div class=\"w-image align_none\"><div class=\"w-image-h\"><img decoding=\"async\" width=\"683\" height=\"1024\" src=\"https:\/\/nightsky-music.de\/unterricht\/wp-content\/uploads\/sites\/3\/2021\/11\/Carsten_Holscher3-kopie-e1578158147349-683x1024-1.jpg\" class=\"attachment-large size-large\" alt=\"Carsten H\u00f6lscher\" loading=\"lazy\" srcset=\"https:\/\/nightsky-music.de\/unterricht\/wp-content\/uploads\/sites\/3\/2021\/11\/Carsten_Holscher3-kopie-e1578158147349-683x1024-1.jpg 683w, https:\/\/nightsky-music.de\/unterricht\/wp-content\/uploads\/sites\/3\/2021\/11\/Carsten_Holscher3-kopie-e1578158147349-683x1024-1-200x300.jpg 200w\" sizes=\"(max-width: 683px) 100vw, 683px\" \/><\/div><\/div><\/div><\/div><\/div><\/div><\/div><\/section><section class=\"l-section wpb_row height_medium color_alternate\"><div class=\"l-section-h i-cf\"><div class=\"g-cols vc_row via_flex valign_top type_default stacking_default\"><div class=\"vc_col-sm-4 wpb_column vc_column_container\"><div class=\"vc_column-inner\"><div class=\"wpb_wrapper\"><div class=\"w-image align_none\"><div class=\"w-image-h\"><img decoding=\"async\" width=\"350\" height=\"350\" src=\"https:\/\/nightsky-music.de\/unterricht\/wp-content\/uploads\/sites\/3\/2021\/12\/carsten-2-600pixel-350x350.jpg\" class=\"attachment-us_350_350_crop size-us_350_350_crop\" alt=\"\" loading=\"lazy\" srcset=\"https:\/\/nightsky-music.de\/unterricht\/wp-content\/uploads\/sites\/3\/2021\/12\/carsten-2-600pixel-350x350.jpg 350w, https:\/\/nightsky-music.de\/unterricht\/wp-content\/uploads\/sites\/3\/2021\/12\/carsten-2-600pixel-300x300.jpg 300w, https:\/\/nightsky-music.de\/unterricht\/wp-content\/uploads\/sites\/3\/2021\/12\/carsten-2-600pixel-150x150.jpg 150w, https:\/\/nightsky-music.de\/unterricht\/wp-content\/uploads\/sites\/3\/2021\/12\/carsten-2-600pixel.jpg 600w\" sizes=\"(max-width: 350px) 100vw, 350px\" \/><\/div><\/div><\/div><\/div><\/div><div class=\"vc_col-sm-4 wpb_column vc_column_container\"><div class=\"vc_column-inner\"><div class=\"wpb_wrapper\"><div class=\"w-image align_none\"><div class=\"w-image-h\"><img decoding=\"async\" width=\"350\" height=\"350\" src=\"https:\/\/nightsky-music.de\/unterricht\/wp-content\/uploads\/sites\/3\/2021\/12\/carsten-3-600pixel-350x350.jpg\" class=\"attachment-us_350_350_crop size-us_350_350_crop\" alt=\"\" loading=\"lazy\" srcset=\"https:\/\/nightsky-music.de\/unterricht\/wp-content\/uploads\/sites\/3\/2021\/12\/carsten-3-600pixel-350x350.jpg 350w, https:\/\/nightsky-music.de\/unterricht\/wp-content\/uploads\/sites\/3\/2021\/12\/carsten-3-600pixel-300x300.jpg 300w, https:\/\/nightsky-music.de\/unterricht\/wp-content\/uploads\/sites\/3\/2021\/12\/carsten-3-600pixel-150x150.jpg 150w, https:\/\/nightsky-music.de\/unterricht\/wp-content\/uploads\/sites\/3\/2021\/12\/carsten-3-600pixel.jpg 600w\" sizes=\"(max-width: 350px) 100vw, 350px\" \/><\/div><\/div><\/div><\/div><\/div><div class=\"vc_col-sm-4 wpb_column vc_column_container\"><div class=\"vc_column-inner\"><div class=\"wpb_wrapper\"><div class=\"w-image align_none\"><div class=\"w-image-h\"><img decoding=\"async\" width=\"350\" height=\"350\" src=\"https:\/\/nightsky-music.de\/unterricht\/wp-content\/uploads\/sites\/3\/2021\/12\/carsten-1-600pixel-350x350.jpg\" class=\"attachment-us_350_350_crop size-us_350_350_crop\" alt=\"\" loading=\"lazy\" srcset=\"https:\/\/nightsky-music.de\/unterricht\/wp-content\/uploads\/sites\/3\/2021\/12\/carsten-1-600pixel-350x350.jpg 350w, https:\/\/nightsky-music.de\/unterricht\/wp-content\/uploads\/sites\/3\/2021\/12\/carsten-1-600pixel-300x300.jpg 300w, https:\/\/nightsky-music.de\/unterricht\/wp-content\/uploads\/sites\/3\/2021\/12\/carsten-1-600pixel-150x150.jpg 150w, https:\/\/nightsky-music.de\/unterricht\/wp-content\/uploads\/sites\/3\/2021\/12\/carsten-1-600pixel.jpg 600w\" sizes=\"(max-width: 350px) 100vw, 350px\" \/><\/div><\/div><\/div><\/div><\/div><\/div><\/div><\/section>\n","protected":false},"excerpt":{"rendered":"[vc_custom_heading text=\"Carsten H\u00f6lscher\" font_container=\"tag:h4|text_align:left\" use_theme_fonts=\"yes\"]Carsten (1969) ist Jazz\/Pop-Bassist (Kontrabass und E-Bass) und stammt geb\u00fcrtig aus Billerbeck. Er studierte an den Musikhochschulen Enschede, Arnheim und Zwolle, wo er ein Studium f\u00fcr Jazz und Popularmusik absolvierte. Er erhielt Unterricht bei Jazzgr\u00f6\u00dfen wie Ruud Ouwdehand, Wilbrand Meischke und Davy De Wit und besuchte Masterclasses bei Hein van de...","protected":false},"author":1,"featured_media":0,"parent":0,"menu_order":0,"comment_status":"closed","ping_status":"closed","template":"","meta":{"footnotes":""},"class_list":["post-15","page","type-page","status-publish","hentry"],"yoast_head":"<!-- This site is optimized with the Yoast SEO plugin v23.6 - https:\/\/yoast.com\/wordpress\/plugins\/seo\/ -->\n<title>Carsten H\u00f6lscher | Nightsky Unterricht<\/title>\n<meta name=\"description\" content=\"Carsten (1969) ist Jazz\/Pop-Bassist (Kontrabass und E-Bass). Er studierte an den Musikhochschulen Enschede, Arnheim und Zwolle.\" \/>\n<meta name=\"robots\" content=\"index, follow, max-snippet:-1, max-image-preview:large, max-video-preview:-1\" \/>\n<link rel=\"canonical\" href=\"https:\/\/nightsky-music.de\/unterricht\/carsten\/\" \/>\n<meta property=\"og:locale\" content=\"de_DE\" \/>\n<meta property=\"og:type\" content=\"article\" \/>\n<meta property=\"og:title\" content=\"Carsten H\u00f6lscher | Nightsky Unterricht\" \/>\n<meta property=\"og:description\" content=\"Carsten (1969) ist Jazz\/Pop-Bassist (Kontrabass und E-Bass). Er studierte an den Musikhochschulen Enschede, Arnheim und Zwolle.\" \/>\n<meta property=\"og:url\" content=\"https:\/\/nightsky-music.de\/unterricht\/carsten\/\" \/>\n<meta property=\"og:site_name\" content=\"Unterricht\" \/>\n<meta property=\"article:publisher\" content=\"https:\/\/www.facebook.com\/NightskyStudio\" \/>\n<meta property=\"article:modified_time\" content=\"2021-12-17T23:04:06+00:00\" \/>\n<meta name=\"twitter:card\" content=\"summary_large_image\" \/>\n<meta name=\"twitter:label1\" content=\"Gesch\u00e4tzte Lesezeit\" \/>\n\t<meta name=\"twitter:data1\" content=\"1\u00a0Minute\" \/>\n<script type=\"application\/ld+json\" class=\"yoast-schema-graph\">{\"@context\":\"https:\/\/schema.org\",\"@graph\":[{\"@type\":\"WebPage\",\"@id\":\"https:\/\/nightsky-music.de\/unterricht\/carsten\/\",\"url\":\"https:\/\/nightsky-music.de\/unterricht\/carsten\/\",\"name\":\"Carsten H\u00f6lscher | Nightsky Unterricht\",\"isPartOf\":{\"@id\":\"https:\/\/nightsky-music.de\/unterricht\/#website\"},\"datePublished\":\"2019-11-26T22:44:34+00:00\",\"dateModified\":\"2021-12-17T23:04:06+00:00\",\"description\":\"Carsten (1969) ist Jazz\/Pop-Bassist (Kontrabass und E-Bass). Er studierte an den Musikhochschulen Enschede, Arnheim und Zwolle.\",\"breadcrumb\":{\"@id\":\"https:\/\/nightsky-music.de\/unterricht\/carsten\/#breadcrumb\"},\"inLanguage\":\"de\",\"potentialAction\":[{\"@type\":\"ReadAction\",\"target\":[\"https:\/\/nightsky-music.de\/unterricht\/carsten\/\"]}]},{\"@type\":\"BreadcrumbList\",\"@id\":\"https:\/\/nightsky-music.de\/unterricht\/carsten\/#breadcrumb\",\"itemListElement\":[{\"@type\":\"ListItem\",\"position\":1,\"name\":\"Startseite\",\"item\":\"https:\/\/nightsky-music.de\/unterricht\/\"},{\"@type\":\"ListItem\",\"position\":2,\"name\":\"Carsten\"}]},{\"@type\":\"WebSite\",\"@id\":\"https:\/\/nightsky-music.de\/unterricht\/#website\",\"url\":\"https:\/\/nightsky-music.de\/unterricht\/\",\"name\":\"Unterricht\",\"description\":\"Nightsky Music - Unterricht\",\"publisher\":{\"@id\":\"https:\/\/nightsky-music.de\/unterricht\/#organization\"},\"potentialAction\":[{\"@type\":\"SearchAction\",\"target\":{\"@type\":\"EntryPoint\",\"urlTemplate\":\"https:\/\/nightsky-music.de\/unterricht\/?s={search_term_string}\"},\"query-input\":{\"@type\":\"PropertyValueSpecification\",\"valueRequired\":true,\"valueName\":\"search_term_string\"}}],\"inLanguage\":\"de\"},{\"@type\":\"Organization\",\"@id\":\"https:\/\/nightsky-music.de\/unterricht\/#organization\",\"name\":\"Nightsky Music\",\"url\":\"https:\/\/nightsky-music.de\/unterricht\/\",\"logo\":{\"@type\":\"ImageObject\",\"inLanguage\":\"de\",\"@id\":\"https:\/\/nightsky-music.de\/unterricht\/#\/schema\/logo\/image\/\",\"url\":\"https:\/\/nightsky-music.de\/unterricht\/wp-content\/uploads\/sites\/3\/2019\/11\/nsm_logo_trnsp_250x118_flat.png\",\"contentUrl\":\"https:\/\/nightsky-music.de\/unterricht\/wp-content\/uploads\/sites\/3\/2019\/11\/nsm_logo_trnsp_250x118_flat.png\",\"width\":250,\"height\":118,\"caption\":\"Nightsky Music\"},\"image\":{\"@id\":\"https:\/\/nightsky-music.de\/unterricht\/#\/schema\/logo\/image\/\"},\"sameAs\":[\"https:\/\/www.facebook.com\/NightskyStudio\",\"https:\/\/www.instagram.com\/casimsalabim\/\",\"https:\/\/www.youtube.com\/channel\/UCohViaFL_2AiqWm0gTSxclg\"]}]}<\/script>\n<!-- \/ Yoast SEO plugin. -->","yoast_head_json":{"title":"Carsten H\u00f6lscher | Nightsky Unterricht","description":"Carsten (1969) ist Jazz\/Pop-Bassist (Kontrabass und E-Bass). Er studierte an den Musikhochschulen Enschede, Arnheim und Zwolle.","robots":{"index":"index","follow":"follow","max-snippet":"max-snippet:-1","max-image-preview":"max-image-preview:large","max-video-preview":"max-video-preview:-1"},"canonical":"https:\/\/nightsky-music.de\/unterricht\/carsten\/","og_locale":"de_DE","og_type":"article","og_title":"Carsten H\u00f6lscher | Nightsky Unterricht","og_description":"Carsten (1969) ist Jazz\/Pop-Bassist (Kontrabass und E-Bass). Er studierte an den Musikhochschulen Enschede, Arnheim und Zwolle.","og_url":"https:\/\/nightsky-music.de\/unterricht\/carsten\/","og_site_name":"Unterricht","article_publisher":"https:\/\/www.facebook.com\/NightskyStudio","article_modified_time":"2021-12-17T23:04:06+00:00","twitter_card":"summary_large_image","twitter_misc":{"Gesch\u00e4tzte Lesezeit":"1\u00a0Minute"},"schema":{"@context":"https:\/\/schema.org","@graph":[{"@type":"WebPage","@id":"https:\/\/nightsky-music.de\/unterricht\/carsten\/","url":"https:\/\/nightsky-music.de\/unterricht\/carsten\/","name":"Carsten H\u00f6lscher | Nightsky Unterricht","isPartOf":{"@id":"https:\/\/nightsky-music.de\/unterricht\/#website"},"datePublished":"2019-11-26T22:44:34+00:00","dateModified":"2021-12-17T23:04:06+00:00","description":"Carsten (1969) ist Jazz\/Pop-Bassist (Kontrabass und E-Bass). Er studierte an den Musikhochschulen Enschede, Arnheim und Zwolle.","breadcrumb":{"@id":"https:\/\/nightsky-music.de\/unterricht\/carsten\/#breadcrumb"},"inLanguage":"de","potentialAction":[{"@type":"ReadAction","target":["https:\/\/nightsky-music.de\/unterricht\/carsten\/"]}]},{"@type":"BreadcrumbList","@id":"https:\/\/nightsky-music.de\/unterricht\/carsten\/#breadcrumb","itemListElement":[{"@type":"ListItem","position":1,"name":"Startseite","item":"https:\/\/nightsky-music.de\/unterricht\/"},{"@type":"ListItem","position":2,"name":"Carsten"}]},{"@type":"WebSite","@id":"https:\/\/nightsky-music.de\/unterricht\/#website","url":"https:\/\/nightsky-music.de\/unterricht\/","name":"Unterricht","description":"Nightsky Music - Unterricht","publisher":{"@id":"https:\/\/nightsky-music.de\/unterricht\/#organization"},"potentialAction":[{"@type":"SearchAction","target":{"@type":"EntryPoint","urlTemplate":"https:\/\/nightsky-music.de\/unterricht\/?s={search_term_string}"},"query-input":{"@type":"PropertyValueSpecification","valueRequired":true,"valueName":"search_term_string"}}],"inLanguage":"de"},{"@type":"Organization","@id":"https:\/\/nightsky-music.de\/unterricht\/#organization","name":"Nightsky Music","url":"https:\/\/nightsky-music.de\/unterricht\/","logo":{"@type":"ImageObject","inLanguage":"de","@id":"https:\/\/nightsky-music.de\/unterricht\/#\/schema\/logo\/image\/","url":"https:\/\/nightsky-music.de\/unterricht\/wp-content\/uploads\/sites\/3\/2019\/11\/nsm_logo_trnsp_250x118_flat.png","contentUrl":"https:\/\/nightsky-music.de\/unterricht\/wp-content\/uploads\/sites\/3\/2019\/11\/nsm_logo_trnsp_250x118_flat.png","width":250,"height":118,"caption":"Nightsky Music"},"image":{"@id":"https:\/\/nightsky-music.de\/unterricht\/#\/schema\/logo\/image\/"},"sameAs":["https:\/\/www.facebook.com\/NightskyStudio","https:\/\/www.instagram.com\/casimsalabim\/","https:\/\/www.youtube.com\/channel\/UCohViaFL_2AiqWm0gTSxclg"]}]}},"_links":{"self":[{"href":"https:\/\/nightsky-music.de\/unterricht\/wp-json\/wp\/v2\/pages\/15"}],"collection":[{"href":"https:\/\/nightsky-music.de\/unterricht\/wp-json\/wp\/v2\/pages"}],"about":[{"href":"https:\/\/nightsky-music.de\/unterricht\/wp-json\/wp\/v2\/types\/page"}],"author":[{"embeddable":true,"href":"https:\/\/nightsky-music.de\/unterricht\/wp-json\/wp\/v2\/users\/1"}],"replies":[{"embeddable":true,"href":"https:\/\/nightsky-music.de\/unterricht\/wp-json\/wp\/v2\/comments?post=15"}],"version-history":[{"count":10,"href":"https:\/\/nightsky-music.de\/unterricht\/wp-json\/wp\/v2\/pages\/15\/revisions"}],"predecessor-version":[{"id":111,"href":"https:\/\/nightsky-music.de\/unterricht\/wp-json\/wp\/v2\/pages\/15\/revisions\/111"}],"wp:attachment":[{"href":"https:\/\/nightsky-music.de\/unterricht\/wp-json\/wp\/v2\/media?parent=15"}],"curies":[{"name":"wp","href":"https:\/\/api.w.org\/{rel}","templated":true}]}}